{"id":1547,"date":"2020-12-08T10:55:39","date_gmt":"2020-12-08T10:55:39","guid":{"rendered":"https:\/\/startertemplatecloud.com\/e09\/shop\/"},"modified":"2020-12-08T10:55:39","modified_gmt":"2020-12-08T10:55:39","slug":"menu","status":"publish","type":"page","link":"https:\/\/buffetkawai.com.br\/site\/menu\/","title":{"rendered":"Menu"},"content":{"rendered":"","protected":false},"excerpt":{"rendered":"","protected":false},"author":1,"featured_media":0,"parent":0,"menu_order":0,"comment_status":"closed","ping_status":"closed","template":"","meta":{"_kad_blocks_custom_css":"","_kad_blocks_head_custom_js":"","_kad_blocks_body_custom_js":"","_kad_blocks_footer_custom_js":"","_kadence_starter_templates_imported_post":true,"_kad_post_transparent":"","_kad_post_title":"","_kad_post_layout":"","_kad_post_sidebar_id":"","_kad_post_content_style":"","_kad_post_vertical_padding":"","_kad_post_feature":"","_kad_post_feature_position":"","_kad_post_header":false,"_kad_post_footer":false,"_joinchat":[],"footnotes":""},"class_list":["post-1547","page","type-page","status-publish","hentry"],"yoast_head":"<!-- This site is optimized with the Yoast SEO Premium plugin v21.0 (Yoast SEO v21.8.1) - https:\/\/yoast.com\/wordpress\/plugins\/seo\/ -->\n<title>Menu - Buffet Kawai - Rod\u00edzio de Pizza, Pratos Quentes Salgados na Casa Verde S\u00e3o Paulo<\/title>\n<meta name=\"description\" content=\"Buffet Infantil SP. O Buffet Kawai na Zona Norte est\u00e1 localizado na Casa Verde - S\u00e3o Paulo. O melhor Buffet Infantil da Zona Norte, aproveite. Sorteio de Festas, Festa com Churrasco, Buffet com Pizza. O Buffet Infantil SP, oferece as melhores festas infantis\" \/>\n<meta name=\"robots\" content=\"index, follow, max-snippet:-1, max-image-preview:large, max-video-preview:-1\" \/>\n<link rel=\"canonical\" href=\"https:\/\/buffetkawai.com.br\/site\/menu\/\" \/>\n<meta property=\"og:locale\" content=\"pt_BR\" \/>\n<meta property=\"og:type\" content=\"article\" \/>\n<meta property=\"og:title\" content=\"Menu Buffet Kawai o melhor buffet da Regi\u00e3o Norte de S\u00e3o Paulo\" \/>\n<meta property=\"og:description\" content=\"Buffet Infantil SP. O Buffet Kawai na Zona Norte est\u00e1 localizado na Casa Verde - S\u00e3o Paulo. O melhor Buffet Infantil da Zona Norte, aproveite. Sorteio de Festas, Festa com Churrasco, Buffet com Pizza. O Buffet Infantil SP, oferece as melhores festas infantis\" \/>\n<meta property=\"og:url\" content=\"https:\/\/buffetkawai.com.br\/site\/menu\/\" \/>\n<meta property=\"og:site_name\" content=\"Buffet Kawai - Rod\u00edzio de Pizza, Pratos Quentes Salgados na Casa Verde S\u00e3o Paulo\" \/>\n<meta property=\"article:publisher\" content=\"https:\/\/www.facebook.com\/buffetkawai\/\" \/>\n<meta property=\"og:image\" content=\"https:\/\/buffetkawai.com.br\/site\/wp-content\/uploads\/2023\/08\/TOPONOVO.png\" \/>\n\t<meta property=\"og:image:width\" content=\"200\" \/>\n\t<meta property=\"og:image:height\" content=\"137\" \/>\n\t<meta property=\"og:image:type\" content=\"image\/png\" \/>\n<meta name=\"twitter:card\" content=\"summary_large_image\" \/>\n<script type=\"application\/ld+json\" class=\"yoast-schema-graph\">{\"@context\":\"https:\/\/schema.org\",\"@graph\":[{\"@type\":\"WebPage\",\"@id\":\"https:\/\/buffetkawai.com.br\/site\/menu\/\",\"url\":\"https:\/\/buffetkawai.com.br\/site\/menu\/\",\"name\":\"Menu - Buffet Kawai - Rod\u00edzio de Pizza, Pratos Quentes Salgados na Casa Verde S\u00e3o Paulo\",\"isPartOf\":{\"@id\":\"https:\/\/buffetkawai.com.br\/site\/#website\"},\"datePublished\":\"2020-12-08T10:55:39+00:00\",\"dateModified\":\"2020-12-08T10:55:39+00:00\",\"description\":\"Buffet Infantil SP. O Buffet Kawai na Zona Norte est\u00e1 localizado na Casa Verde - S\u00e3o Paulo. O melhor Buffet Infantil da Zona Norte, aproveite. Sorteio de Festas, Festa com Churrasco, Buffet com Pizza. O Buffet Infantil SP, oferece as melhores festas infantis\",\"breadcrumb\":{\"@id\":\"https:\/\/buffetkawai.com.br\/site\/menu\/#breadcrumb\"},\"inLanguage\":\"pt-BR\",\"potentialAction\":[{\"@type\":\"ReadAction\",\"target\":[\"https:\/\/buffetkawai.com.br\/site\/menu\/\"]}]},{\"@type\":\"BreadcrumbList\",\"@id\":\"https:\/\/buffetkawai.com.br\/site\/menu\/#breadcrumb\",\"itemListElement\":[{\"@type\":\"ListItem\",\"position\":1,\"name\":\"In\u00edcio\",\"item\":\"https:\/\/buffetkawai.com.br\/site\/\"},{\"@type\":\"ListItem\",\"position\":2,\"name\":\"Menu\"}]},{\"@type\":\"WebSite\",\"@id\":\"https:\/\/buffetkawai.com.br\/site\/#website\",\"url\":\"https:\/\/buffetkawai.com.br\/site\/\",\"name\":\"Buffet Kawai - Buffet Infantil Zona Norte SP Casa Verde - Buffet Infantil com Pizza e Churrasco. Sorteio de Festas no BUFFET INFANTIL da Zona Norte SP (Casa Verde) N\u00e3o perca! - Festas Infantis - Churrasco - Rod\u00edzio de Pizza - Coquetel - Salgadinhos\",\"description\":\"Buffet Infantil SP. est\u00e1 localizado na Casa Verde - S\u00e3o Paulo. O melhor Buffet Infantil da Zona Norte, aproveite. Sorteio de Festas, Festa com Churrasco, Rod\u00edzio de Pizza, coquetel, Salgados. O Buffet Infantil SP, oferece as melhores festas infantis\",\"publisher\":{\"@id\":\"https:\/\/buffetkawai.com.br\/site\/#organization\"},\"alternateName\":\"Buffet Kawai na Zona Norte est\u00e1 localizado na Casa Verde em S\u00e3o Paulo - Festas Infantis - Churrasco - Rod\u00edzio de Pizza - Coquetel - Salgadinhos\",\"potentialAction\":[{\"@type\":\"SearchAction\",\"target\":{\"@type\":\"EntryPoint\",\"urlTemplate\":\"https:\/\/buffetkawai.com.br\/site\/?s={search_term_string}\"},\"query-input\":\"required name=search_term_string\"}],\"inLanguage\":\"pt-BR\"},{\"@type\":\"Organization\",\"@id\":\"https:\/\/buffetkawai.com.br\/site\/#organization\",\"name\":\"Buffet Kawai buffet Infantil SP. na Zona Norte est\u00e1 localizado na Casa Verde - S\u00e3o Paulo. O melhor Buffet Infantil da Zona Norte, aproveite. Sorteio de Festas, Festa com Churrasco, Buffet com Pizza. O Buffet Infantil SP, oferece as melhores festas infantis\",\"alternateName\":\"Buffet Kawai\",\"url\":\"https:\/\/buffetkawai.com.br\/site\/\",\"logo\":{\"@type\":\"ImageObject\",\"inLanguage\":\"pt-BR\",\"@id\":\"https:\/\/buffetkawai.com.br\/site\/#\/schema\/logo\/image\/\",\"url\":\"https:\/\/buffetkawai.com.br\/site\/wp-content\/uploads\/2023\/08\/TOPONOVO.png\",\"contentUrl\":\"https:\/\/buffetkawai.com.br\/site\/wp-content\/uploads\/2023\/08\/TOPONOVO.png\",\"width\":200,\"height\":137,\"caption\":\"Buffet Kawai buffet Infantil SP. na Zona Norte est\u00e1 localizado na Casa Verde - S\u00e3o Paulo. O melhor Buffet Infantil da Zona Norte, aproveite. Sorteio de Festas, Festa com Churrasco, Buffet com Pizza. O Buffet Infantil SP, oferece as melhores festas infantis\"},\"image\":{\"@id\":\"https:\/\/buffetkawai.com.br\/site\/#\/schema\/logo\/image\/\"},\"sameAs\":[\"https:\/\/www.facebook.com\/buffetkawai\/\",\"https:\/\/www.instagram.com\/buffetkawai\/\",\"https:\/\/www.youtube.com\/channel\/UCnXN0KFf_isiaXF-kDZFl0w\"],\"publishingPrinciples\":\"https:\/\/buffetkawai.com.br\/site\/politica-de-privacidade\/\"}]}<\/script>\n<!-- \/ Yoast SEO Premium plugin. -->","yoast_head_json":{"title":"Menu - Buffet Kawai - Rod\u00edzio de Pizza, Pratos Quentes Salgados na Casa Verde S\u00e3o Paulo","description":"Buffet Infantil SP. O Buffet Kawai na Zona Norte est\u00e1 localizado na Casa Verde - S\u00e3o Paulo. O melhor Buffet Infantil da Zona Norte, aproveite. Sorteio de Festas, Festa com Churrasco, Buffet com Pizza. O Buffet Infantil SP, oferece as melhores festas infantis","robots":{"index":"index","follow":"follow","max-snippet":"max-snippet:-1","max-image-preview":"max-image-preview:large","max-video-preview":"max-video-preview:-1"},"canonical":"https:\/\/buffetkawai.com.br\/site\/menu\/","og_locale":"pt_BR","og_type":"article","og_title":"Menu Buffet Kawai o melhor buffet da Regi\u00e3o Norte de S\u00e3o Paulo","og_description":"Buffet Infantil SP. O Buffet Kawai na Zona Norte est\u00e1 localizado na Casa Verde - S\u00e3o Paulo. O melhor Buffet Infantil da Zona Norte, aproveite. Sorteio de Festas, Festa com Churrasco, Buffet com Pizza. O Buffet Infantil SP, oferece as melhores festas infantis","og_url":"https:\/\/buffetkawai.com.br\/site\/menu\/","og_site_name":"Buffet Kawai - Rod\u00edzio de Pizza, Pratos Quentes Salgados na Casa Verde S\u00e3o Paulo","article_publisher":"https:\/\/www.facebook.com\/buffetkawai\/","og_image":[{"width":200,"height":137,"url":"https:\/\/buffetkawai.com.br\/site\/wp-content\/uploads\/2023\/08\/TOPONOVO.png","type":"image\/png"}],"twitter_card":"summary_large_image","schema":{"@context":"https:\/\/schema.org","@graph":[{"@type":"WebPage","@id":"https:\/\/buffetkawai.com.br\/site\/menu\/","url":"https:\/\/buffetkawai.com.br\/site\/menu\/","name":"Menu - Buffet Kawai - Rod\u00edzio de Pizza, Pratos Quentes Salgados na Casa Verde S\u00e3o Paulo","isPartOf":{"@id":"https:\/\/buffetkawai.com.br\/site\/#website"},"datePublished":"2020-12-08T10:55:39+00:00","dateModified":"2020-12-08T10:55:39+00:00","description":"Buffet Infantil SP. O Buffet Kawai na Zona Norte est\u00e1 localizado na Casa Verde - S\u00e3o Paulo. O melhor Buffet Infantil da Zona Norte, aproveite. Sorteio de Festas, Festa com Churrasco, Buffet com Pizza. O Buffet Infantil SP, oferece as melhores festas infantis","breadcrumb":{"@id":"https:\/\/buffetkawai.com.br\/site\/menu\/#breadcrumb"},"inLanguage":"pt-BR","potentialAction":[{"@type":"ReadAction","target":["https:\/\/buffetkawai.com.br\/site\/menu\/"]}]},{"@type":"BreadcrumbList","@id":"https:\/\/buffetkawai.com.br\/site\/menu\/#breadcrumb","itemListElement":[{"@type":"ListItem","position":1,"name":"In\u00edcio","item":"https:\/\/buffetkawai.com.br\/site\/"},{"@type":"ListItem","position":2,"name":"Menu"}]},{"@type":"WebSite","@id":"https:\/\/buffetkawai.com.br\/site\/#website","url":"https:\/\/buffetkawai.com.br\/site\/","name":"Buffet Kawai - Buffet Infantil Zona Norte SP Casa Verde - Buffet Infantil com Pizza e Churrasco. Sorteio de Festas no BUFFET INFANTIL da Zona Norte SP (Casa Verde) N\u00e3o perca! - Festas Infantis - Churrasco - Rod\u00edzio de Pizza - Coquetel - Salgadinhos","description":"Buffet Infantil SP. est\u00e1 localizado na Casa Verde - S\u00e3o Paulo. O melhor Buffet Infantil da Zona Norte, aproveite. Sorteio de Festas, Festa com Churrasco, Rod\u00edzio de Pizza, coquetel, Salgados. O Buffet Infantil SP, oferece as melhores festas infantis","publisher":{"@id":"https:\/\/buffetkawai.com.br\/site\/#organization"},"alternateName":"Buffet Kawai na Zona Norte est\u00e1 localizado na Casa Verde em S\u00e3o Paulo - Festas Infantis - Churrasco - Rod\u00edzio de Pizza - Coquetel - Salgadinhos","potentialAction":[{"@type":"SearchAction","target":{"@type":"EntryPoint","urlTemplate":"https:\/\/buffetkawai.com.br\/site\/?s={search_term_string}"},"query-input":"required name=search_term_string"}],"inLanguage":"pt-BR"},{"@type":"Organization","@id":"https:\/\/buffetkawai.com.br\/site\/#organization","name":"Buffet Kawai buffet Infantil SP. na Zona Norte est\u00e1 localizado na Casa Verde - S\u00e3o Paulo. O melhor Buffet Infantil da Zona Norte, aproveite. Sorteio de Festas, Festa com Churrasco, Buffet com Pizza. O Buffet Infantil SP, oferece as melhores festas infantis","alternateName":"Buffet Kawai","url":"https:\/\/buffetkawai.com.br\/site\/","logo":{"@type":"ImageObject","inLanguage":"pt-BR","@id":"https:\/\/buffetkawai.com.br\/site\/#\/schema\/logo\/image\/","url":"https:\/\/buffetkawai.com.br\/site\/wp-content\/uploads\/2023\/08\/TOPONOVO.png","contentUrl":"https:\/\/buffetkawai.com.br\/site\/wp-content\/uploads\/2023\/08\/TOPONOVO.png","width":200,"height":137,"caption":"Buffet Kawai buffet Infantil SP. na Zona Norte est\u00e1 localizado na Casa Verde - S\u00e3o Paulo. O melhor Buffet Infantil da Zona Norte, aproveite. Sorteio de Festas, Festa com Churrasco, Buffet com Pizza. O Buffet Infantil SP, oferece as melhores festas infantis"},"image":{"@id":"https:\/\/buffetkawai.com.br\/site\/#\/schema\/logo\/image\/"},"sameAs":["https:\/\/www.facebook.com\/buffetkawai\/","https:\/\/www.instagram.com\/buffetkawai\/","https:\/\/www.youtube.com\/channel\/UCnXN0KFf_isiaXF-kDZFl0w"],"publishingPrinciples":"https:\/\/buffetkawai.com.br\/site\/politica-de-privacidade\/"}]}},"taxonomy_info":[],"featured_image_src_large":false,"author_info":{"display_name":"zonazero","author_link":"https:\/\/buffetkawai.com.br\/site\/author\/zonazero\/"},"comment_info":0,"_links":{"self":[{"href":"https:\/\/buffetkawai.com.br\/site\/wp-json\/wp\/v2\/pages\/1547","targetHints":{"allow":["GET"]}}],"collection":[{"href":"https:\/\/buffetkawai.com.br\/site\/wp-json\/wp\/v2\/pages"}],"about":[{"href":"https:\/\/buffetkawai.com.br\/site\/wp-json\/wp\/v2\/types\/page"}],"author":[{"embeddable":true,"href":"https:\/\/buffetkawai.com.br\/site\/wp-json\/wp\/v2\/users\/1"}],"replies":[{"embeddable":true,"href":"https:\/\/buffetkawai.com.br\/site\/wp-json\/wp\/v2\/comments?post=1547"}],"version-history":[{"count":0,"href":"https:\/\/buffetkawai.com.br\/site\/wp-json\/wp\/v2\/pages\/1547\/revisions"}],"wp:attachment":[{"href":"https:\/\/buffetkawai.com.br\/site\/wp-json\/wp\/v2\/media?parent=1547"}],"curies":[{"name":"wp","href":"https:\/\/api.w.org\/{rel}","templated":true}]}}